{"id":26,"date":"2020-05-22T11:30:13","date_gmt":"2020-05-22T09:30:13","guid":{"rendered":"http:\/\/dev.aviagroup-industries.com\/secan\/?page_id=26"},"modified":"2024-01-07T19:27:41","modified_gmt":"2024-01-07T18:27:41","slug":"talents","status":"publish","type":"page","link":"https:\/\/www.aviagroup-industries.com\/aerostructures\/talents\/","title":{"rendered":"Talents"},"content":{"rendered":"<p><div class=\"fusion-fullwidth fullwidth-box fusion-builder-row-1 nonhundred-percent-fullwidth non-hundred-percent-height-scrolling\" style=\"--awb-border-radius-top-left:0px;--awb-border-radius-top-right:0px;--awb-border-radius-bottom-right:0px;--awb-border-radius-bottom-left:0px;--awb-padding-top:40px;--awb-flex-wrap:wrap;\" ><div class=\"fusion-builder-row fusion-row\"><div class=\"fusion-layout-column fusion_builder_column fusion-builder-column-0 fusion_builder_column_1_5 1_5 fusion-one-fifth fusion-column-first\" style=\"--awb-bg-size:cover;width:20%;width:calc(20% - ( ( 4% + 4% ) * 0.2 ) );margin-right: 4%;\"><div class=\"fusion-column-wrapper fusion-column-has-shadow fusion-flex-column-wrapper-legacy\"><div class=\"fusion-clearfix\"><\/div><\/div><\/div><div class=\"fusion-layout-column fusion_builder_column fusion-builder-column-1 fusion_builder_column_3_5 3_5 fusion-three-fifth\" style=\"--awb-bg-size:cover;width:60%;width:calc(60% - ( ( 4% + 4% ) * 0.6 ) );margin-right: 4%;\"><div class=\"fusion-column-wrapper fusion-column-has-shadow fusion-flex-column-wrapper-legacy\"><div class=\"fusion-text fusion-text-1 title-bloc\"><p style=\"text-align: center;\"><span style=\"color: #313265;\"><a style=\"color: #313265;\" href=\"https:\/\/www.linkedin.com\/company\/indraero-siren\/\" target=\"_blank\" rel=\"noopener noreferrer\">D\u00c9COUVREZ<\/a><\/span><br \/>\n<span style=\"color: #313265;\"><a style=\"color: #313265;\" href=\"https:\/\/www.linkedin.com\/company\/indraero-siren\/\">TOUTES NOS OFFRES<\/a><\/span><br \/>\n<span style=\"color: #313265;\"><a style=\"color: #313265;\" href=\"https:\/\/www.linkedin.com\/company\/indraero-siren\/\">D\u2019EMPLOIS<\/a><\/span><\/p>\n<\/div><div class=\"fusion-clearfix\"><\/div><\/div><\/div><div class=\"fusion-layout-column fusion_builder_column fusion-builder-column-2 fusion_builder_column_1_5 1_5 fusion-one-fifth fusion-column-last\" style=\"--awb-bg-size:cover;width:20%;width:calc(20% - ( ( 4% + 4% ) * 0.2 ) );\"><div class=\"fusion-column-wrapper fusion-column-has-shadow fusion-flex-column-wrapper-legacy\"><div class=\"fusion-clearfix\"><\/div><\/div><\/div><\/div><\/div><div class=\"fusion-fullwidth fullwidth-box fusion-builder-row-2 hundred-percent-fullwidth non-hundred-percent-height-scrolling\" style=\"--awb-border-radius-top-left:0px;--awb-border-radius-top-right:0px;--awb-border-radius-bottom-right:0px;--awb-border-radius-bottom-left:0px;--awb-padding-top:40px;--awb-padding-right:120px;--awb-padding-left:0px;--awb-flex-wrap:wrap;\" ><div class=\"fusion-builder-row fusion-row\"><div class=\"fusion-layout-column fusion_builder_column fusion-builder-column-3 fusion_builder_column_1_2 1_2 fusion-one-half fusion-column-first\" style=\"--awb-bg-size:cover;width:50%;width:calc(50% - ( ( 4% ) * 0.5 ) );margin-right: 4%;\"><div class=\"fusion-column-wrapper fusion-column-has-shadow fusion-flex-column-wrapper-legacy\"><div class=\"fusion-image-element in-legacy-container\" style=\"--awb-caption-title-font-family:var(--h2_typography-font-family);--awb-caption-title-font-weight:var(--h2_typography-font-weight);--awb-caption-title-font-style:var(--h2_typography-font-style);--awb-caption-title-size:var(--h2_typography-font-size);--awb-caption-title-transform:var(--h2_typography-text-transform);--awb-caption-title-line-height:var(--h2_typography-line-height);--awb-caption-title-letter-spacing:var(--h2_typography-letter-spacing);\"><span class=\" fusion-imageframe imageframe-none imageframe-1 hover-type-none cut-right\"><img decoding=\"async\" width=\"616\" height=\"485\" title=\"aerostructures-talents-1-france\" src=\"https:\/\/www.aviagroup-industries.com\/aerostructures\/wp-content\/uploads\/sites\/3\/2020\/07\/aerostructures-talents-1-france.jpg\" alt class=\"img-responsive wp-image-1132\" srcset=\"https:\/\/www.aviagroup-industries.com\/aerostructures\/wp-content\/uploads\/sites\/3\/2020\/07\/aerostructures-talents-1-france-200x157.jpg 200w, https:\/\/www.aviagroup-industries.com\/aerostructures\/wp-content\/uploads\/sites\/3\/2020\/07\/aerostructures-talents-1-france-400x315.jpg 400w, https:\/\/www.aviagroup-industries.com\/aerostructures\/wp-content\/uploads\/sites\/3\/2020\/07\/aerostructures-talents-1-france-600x472.jpg 600w, https:\/\/www.aviagroup-industries.com\/aerostructures\/wp-content\/uploads\/sites\/3\/2020\/07\/aerostructures-talents-1-france.jpg 616w\" sizes=\"(max-width: 800px) 100vw, 600px\" \/><\/span><\/div><div class=\"fusion-clearfix\"><\/div><\/div><\/div><div class=\"fusion-layout-column fusion_builder_column fusion-builder-column-4 fusion_builder_column_1_2 1_2 fusion-one-half fusion-column-last\" style=\"--awb-bg-size:cover;width:50%;width:calc(50% - ( ( 4% ) * 0.5 ) );\"><div class=\"fusion-column-wrapper fusion-column-has-shadow fusion-flex-column-wrapper-legacy\"><div class=\"fusion-title title fusion-title-1 fusion-sep-none fusion-title-text fusion-title-size-two\" style=\"--awb-margin-top:0px;--awb-margin-bottom:0px;--awb-margin-top-small:0px;--awb-margin-bottom-small:0px;--awb-sep-color:#ffffff;\"><h2 class=\"fusion-title-heading title-heading-left\" style=\"margin:0;\"><p><span style=\"color: #4a4a4a;\">PLACEZ LA PERFORMANCE<br \/>\n<\/span><strong>AU C\u0152UR DE VOS MISSIONS<\/strong><\/p><\/h2><\/div><div class=\"fusion-sep-clear\"><\/div><div class=\"fusion-separator fusion-clearfix\" style=\"float:left;margin-top:20px;margin-bottom:20px;width:100%;max-width:80px;\"><div class=\"fusion-separator-border sep-single sep-solid\" style=\"--awb-height:20px;--awb-amount:20px;border-color:#313265;border-top-width:2px;\"><\/div><\/div><div class=\"fusion-sep-clear\"><\/div><div class=\"fusion-text fusion-text-2\"><p><strong>Le secteur a\u00e9ronautique entame aujourd\u2019hui un tournant dans son histoire. Chaque groupe et soci\u00e9t\u00e9 travaillent \u00e0 produire des \u00e9quipements et des syst\u00e8mes toujours plus performants, en int\u00e9grant de plus en plus la notion environnementale. C\u2019est ce qu\u2019Indraero et Structural Aerospace Morocco s\u2019efforcent de faire au quotidien. Nos soci\u00e9t\u00e9s participent \u00e0 un programme \u00ab\u00a0industrie du futur 4.0\u00a0\u00bb afin de se doter des nouvelles technologies du num\u00e9rique et de production.<\/strong><\/p>\n<p>Alors si vous \u00eates anim\u00e9s par l\u2019id\u00e9e de relever les d\u00e9fis technologiques de demain, Indraero et Structural Aerospace Morocco recrutent en France et au Maroc des experts et des nouveaux talents. Ing\u00e9nieurs, cadres, techniciens et op\u00e9rateurs, rejoindre Indraero ou Structural Aerospace Morocco, c\u2019est int\u00e9grer une soci\u00e9t\u00e9 o\u00f9 l\u2019initiative et la prise de responsabilit\u00e9 sont au c\u0153ur de nos valeurs de travail.<\/p>\n<p>Rejoindre Indraero ou Structural Aerospace Morocco, c\u2019est ainsi contribuer au d\u00e9veloppement de soci\u00e9t\u00e9s en forte croissance et \u00e0 la construction d\u2019un groupe a\u00e9ronautique, Aviagroup Industries, aux c\u00f4t\u00e9s de trois autres soci\u00e9t\u00e9s. En rejoignant Indraero ou Structural Aerospace Morocco, vous int\u00e9grez ainsi une entreprise \u00e0 taille humaine qui mise sur la performance de ses collaborateurs. Ainsi, vous participez \u00e0 la r\u00e9alisation de projets ambitieux et \u00eates acteur du d\u00e9veloppement d\u2019un nouveau groupe a\u00e9ronautique.<\/p>\n<\/div><div class=\"fusion-clearfix\"><\/div><\/div><\/div><\/div><\/div><div class=\"fusion-fullwidth fullwidth-box fusion-builder-row-3 hundred-percent-fullwidth non-hundred-percent-height-scrolling\" style=\"--awb-border-radius-top-left:0px;--awb-border-radius-top-right:0px;--awb-border-radius-bottom-right:0px;--awb-border-radius-bottom-left:0px;--awb-padding-right:0px;--awb-padding-bottom:0px;--awb-padding-left:120px;--awb-flex-wrap:wrap;\" ><div class=\"fusion-builder-row fusion-row\"><div class=\"fusion-layout-column fusion_builder_column fusion-builder-column-5 fusion_builder_column_1_2 1_2 fusion-one-half fusion-column-first col-3\" style=\"--awb-bg-size:cover;width:50%;width:calc(50% - ( ( 4% ) * 0.5 ) );margin-right: 4%;\"><div class=\"fusion-column-wrapper fusion-column-has-shadow fusion-flex-column-wrapper-legacy\"><div class=\"fusion-title title fusion-title-2 fusion-sep-none fusion-title-text fusion-title-size-two\" style=\"--awb-margin-top:0px;--awb-margin-bottom:0px;--awb-margin-top-small:0px;--awb-margin-bottom-small:0px;--awb-sep-color:#ffffff;\"><h2 class=\"fusion-title-heading title-heading-left\" style=\"margin:0;\"><p><span style=\"color: #4a4a4a;\">ENSEMBLE,<br \/>\n<\/span><strong>VERS DE NOUVEAUX D\u00c9FIS<\/strong><\/p><\/h2><\/div><div class=\"fusion-sep-clear\"><\/div><div class=\"fusion-separator fusion-clearfix\" style=\"float:left;margin-top:20px;margin-bottom:20px;width:100%;max-width:80px;\"><div class=\"fusion-separator-border sep-single sep-solid\" style=\"--awb-height:20px;--awb-amount:20px;border-color:#313265;border-top-width:2px;\"><\/div><\/div><div class=\"fusion-sep-clear\"><\/div><div class=\"fusion-text fusion-text-3\"><p><strong>Travailler chez Indraero ou Structural Aerospace Morocco, c\u2019est rejoindre une communaut\u00e9 de femmes et d\u2019hommes engag\u00e9s et o\u00f9 la r\u00e9ussite est intimement li\u00e9e \u00e0 celles des collaborateurs. Nous avons la conviction que la r\u00e9ussite de notre entreprise repose sur l\u2019\u00e9coute, et l\u2019\u00e9change. C\u2019est alors en pla\u00e7ant l\u2019humain au c\u0153ur de nos relations professionnelles et de notre projet que nous conqu\u00e9rons ensemble de nouveaux march\u00e9s et participons depuis des ann\u00e9es au d\u00e9veloppement d\u2019Indraero ou de Structural Aerospace Morocco, et demain d\u2019Aviagroup Industries.<\/strong><\/p>\n<p>Travailler chez Indraero ou Structural Aerospace Morocco, c\u2019est \u00eatre acteur de sa r\u00e9ussite et de celle de la soci\u00e9t\u00e9. D\u00e8s leur premi\u00e8re journ\u00e9e, nos collaborateurs \u00e9voluent dans un climat propice au partage, s\u2019engagent ainsi pleinement dans la r\u00e9alisation des projets ambitieux de la soci\u00e9t\u00e9 et participent ainsi au niveau d\u2019excellence de nos m\u00e9tiers et de nos qualifications. Que ce soit chez Indraero ou chez Structural Aerospace Morocco, c\u2019est ensemble que nous relevons de nouveaux d\u00e9fis.<\/p>\n<\/div><div class=\"fusion-clearfix\"><\/div><\/div><\/div><div class=\"fusion-layout-column fusion_builder_column fusion-builder-column-6 fusion_builder_column_1_2 1_2 fusion-one-half fusion-column-last col-4\" style=\"--awb-bg-size:cover;width:50%;width:calc(50% - ( ( 4% ) * 0.5 ) );\"><div class=\"fusion-column-wrapper fusion-column-has-shadow fusion-flex-column-wrapper-legacy\"><div class=\"fusion-image-element fusion-image-align-right in-legacy-container\" style=\"text-align:right;--awb-caption-title-font-family:var(--h2_typography-font-family);--awb-caption-title-font-weight:var(--h2_typography-font-weight);--awb-caption-title-font-style:var(--h2_typography-font-style);--awb-caption-title-size:var(--h2_typography-font-size);--awb-caption-title-transform:var(--h2_typography-text-transform);--awb-caption-title-line-height:var(--h2_typography-line-height);--awb-caption-title-letter-spacing:var(--h2_typography-letter-spacing);\"><span class=\" fusion-imageframe imageframe-none imageframe-2 hover-type-none cut-left\" style=\"margin-left:25px;float:right;\"><img decoding=\"async\" width=\"652\" height=\"380\" title=\"aerostructures-talents-2-france\" src=\"https:\/\/www.aviagroup-industries.com\/aerostructures\/wp-content\/uploads\/sites\/3\/2020\/07\/aerostructures-talents-2-france.jpg\" alt class=\"img-responsive wp-image-1133\" srcset=\"https:\/\/www.aviagroup-industries.com\/aerostructures\/wp-content\/uploads\/sites\/3\/2020\/07\/aerostructures-talents-2-france-200x117.jpg 200w, https:\/\/www.aviagroup-industries.com\/aerostructures\/wp-content\/uploads\/sites\/3\/2020\/07\/aerostructures-talents-2-france-400x233.jpg 400w, https:\/\/www.aviagroup-industries.com\/aerostructures\/wp-content\/uploads\/sites\/3\/2020\/07\/aerostructures-talents-2-france-600x350.jpg 600w, https:\/\/www.aviagroup-industries.com\/aerostructures\/wp-content\/uploads\/sites\/3\/2020\/07\/aerostructures-talents-2-france.jpg 652w\" sizes=\"(max-width: 800px) 100vw, 600px\" \/><\/span><\/div><div class=\"fusion-clearfix\"><\/div><\/div><\/div><\/div><\/div><\/p>\n","protected":false},"excerpt":{"rendered":"","protected":false},"author":1,"featured_media":0,"parent":0,"menu_order":0,"comment_status":"closed","ping_status":"closed","template":"100-width.php","meta":{"footnotes":""},"class_list":["post-26","page","type-page","status-publish","hentry"],"yoast_head":"<!-- This site is optimized with the Yoast SEO plugin v27.4 - https:\/\/yoast.com\/product\/yoast-seo-wordpress\/ -->\n<title>Talents - A\u00e9rostructures<\/title>\n<meta name=\"robots\" content=\"index, follow, max-snippet:-1, max-image-preview:large, max-video-preview:-1\" \/>\n<link rel=\"canonical\" href=\"https:\/\/www.aviagroup-industries.com\/aerostructures\/talents\/\" \/>\n<meta property=\"og:locale\" content=\"fr_FR\" \/>\n<meta property=\"og:type\" content=\"article\" \/>\n<meta property=\"og:title\" content=\"Talents - A\u00e9rostructures\" \/>\n<meta property=\"og:url\" content=\"https:\/\/www.aviagroup-industries.com\/aerostructures\/talents\/\" \/>\n<meta property=\"og:site_name\" content=\"A\u00e9rostructures\" \/>\n<meta property=\"article:modified_time\" content=\"2024-01-07T18:27:41+00:00\" \/>\n<meta name=\"twitter:card\" content=\"summary_large_image\" \/>\n<meta name=\"twitter:label1\" content=\"Dur\u00e9e de lecture estim\u00e9e\" \/>\n\t<meta name=\"twitter:data1\" content=\"3 minutes\" \/>\n<script type=\"application\/ld+json\" class=\"yoast-schema-graph\">{\"@context\":\"https:\\\/\\\/schema.org\",\"@graph\":[{\"@type\":\"WebPage\",\"@id\":\"https:\\\/\\\/www.aviagroup-industries.com\\\/aerostructures\\\/talents\\\/\",\"url\":\"https:\\\/\\\/www.aviagroup-industries.com\\\/aerostructures\\\/talents\\\/\",\"name\":\"Talents - A\u00e9rostructures\",\"isPartOf\":{\"@id\":\"https:\\\/\\\/www.aviagroup-industries.com\\\/aerostructures\\\/en\\\/#website\"},\"datePublished\":\"2020-05-22T09:30:13+00:00\",\"dateModified\":\"2024-01-07T18:27:41+00:00\",\"breadcrumb\":{\"@id\":\"https:\\\/\\\/www.aviagroup-industries.com\\\/aerostructures\\\/talents\\\/#breadcrumb\"},\"inLanguage\":\"fr-FR\",\"potentialAction\":[{\"@type\":\"ReadAction\",\"target\":[\"https:\\\/\\\/www.aviagroup-industries.com\\\/aerostructures\\\/talents\\\/\"]}]},{\"@type\":\"BreadcrumbList\",\"@id\":\"https:\\\/\\\/www.aviagroup-industries.com\\\/aerostructures\\\/talents\\\/#breadcrumb\",\"itemListElement\":[{\"@type\":\"ListItem\",\"position\":1,\"name\":\"Accueil\",\"item\":\"https:\\\/\\\/www.aviagroup-industries.com\\\/aerostructures\\\/\"},{\"@type\":\"ListItem\",\"position\":2,\"name\":\"Talents\"}]},{\"@type\":\"WebSite\",\"@id\":\"https:\\\/\\\/www.aviagroup-industries.com\\\/aerostructures\\\/en\\\/#website\",\"url\":\"https:\\\/\\\/www.aviagroup-industries.com\\\/aerostructures\\\/en\\\/\",\"name\":\"A\u00e9rostructures\",\"description\":\"Un site utilisant Les sites de Aviagroup Industries\",\"potentialAction\":[{\"@type\":\"SearchAction\",\"target\":{\"@type\":\"EntryPoint\",\"urlTemplate\":\"https:\\\/\\\/www.aviagroup-industries.com\\\/aerostructures\\\/en\\\/?s={search_term_string}\"},\"query-input\":{\"@type\":\"PropertyValueSpecification\",\"valueRequired\":true,\"valueName\":\"search_term_string\"}}],\"inLanguage\":\"fr-FR\"}]}<\/script>\n<!-- \/ Yoast SEO plugin. -->","yoast_head_json":{"title":"Talents - A\u00e9rostructures","robots":{"index":"index","follow":"follow","max-snippet":"max-snippet:-1","max-image-preview":"max-image-preview:large","max-video-preview":"max-video-preview:-1"},"canonical":"https:\/\/www.aviagroup-industries.com\/aerostructures\/talents\/","og_locale":"fr_FR","og_type":"article","og_title":"Talents - A\u00e9rostructures","og_url":"https:\/\/www.aviagroup-industries.com\/aerostructures\/talents\/","og_site_name":"A\u00e9rostructures","article_modified_time":"2024-01-07T18:27:41+00:00","twitter_card":"summary_large_image","twitter_misc":{"Dur\u00e9e de lecture estim\u00e9e":"3 minutes"},"schema":{"@context":"https:\/\/schema.org","@graph":[{"@type":"WebPage","@id":"https:\/\/www.aviagroup-industries.com\/aerostructures\/talents\/","url":"https:\/\/www.aviagroup-industries.com\/aerostructures\/talents\/","name":"Talents - A\u00e9rostructures","isPartOf":{"@id":"https:\/\/www.aviagroup-industries.com\/aerostructures\/en\/#website"},"datePublished":"2020-05-22T09:30:13+00:00","dateModified":"2024-01-07T18:27:41+00:00","breadcrumb":{"@id":"https:\/\/www.aviagroup-industries.com\/aerostructures\/talents\/#breadcrumb"},"inLanguage":"fr-FR","potentialAction":[{"@type":"ReadAction","target":["https:\/\/www.aviagroup-industries.com\/aerostructures\/talents\/"]}]},{"@type":"BreadcrumbList","@id":"https:\/\/www.aviagroup-industries.com\/aerostructures\/talents\/#breadcrumb","itemListElement":[{"@type":"ListItem","position":1,"name":"Accueil","item":"https:\/\/www.aviagroup-industries.com\/aerostructures\/"},{"@type":"ListItem","position":2,"name":"Talents"}]},{"@type":"WebSite","@id":"https:\/\/www.aviagroup-industries.com\/aerostructures\/en\/#website","url":"https:\/\/www.aviagroup-industries.com\/aerostructures\/en\/","name":"A\u00e9rostructures","description":"Un site utilisant Les sites de Aviagroup Industries","potentialAction":[{"@type":"SearchAction","target":{"@type":"EntryPoint","urlTemplate":"https:\/\/www.aviagroup-industries.com\/aerostructures\/en\/?s={search_term_string}"},"query-input":{"@type":"PropertyValueSpecification","valueRequired":true,"valueName":"search_term_string"}}],"inLanguage":"fr-FR"}]}},"_links":{"self":[{"href":"https:\/\/www.aviagroup-industries.com\/aerostructures\/wp-json\/wp\/v2\/pages\/26","targetHints":{"allow":["GET"]}}],"collection":[{"href":"https:\/\/www.aviagroup-industries.com\/aerostructures\/wp-json\/wp\/v2\/pages"}],"about":[{"href":"https:\/\/www.aviagroup-industries.com\/aerostructures\/wp-json\/wp\/v2\/types\/page"}],"author":[{"embeddable":true,"href":"https:\/\/www.aviagroup-industries.com\/aerostructures\/wp-json\/wp\/v2\/users\/1"}],"replies":[{"embeddable":true,"href":"https:\/\/www.aviagroup-industries.com\/aerostructures\/wp-json\/wp\/v2\/comments?post=26"}],"version-history":[{"count":9,"href":"https:\/\/www.aviagroup-industries.com\/aerostructures\/wp-json\/wp\/v2\/pages\/26\/revisions"}],"predecessor-version":[{"id":2580,"href":"https:\/\/www.aviagroup-industries.com\/aerostructures\/wp-json\/wp\/v2\/pages\/26\/revisions\/2580"}],"wp:attachment":[{"href":"https:\/\/www.aviagroup-industries.com\/aerostructures\/wp-json\/wp\/v2\/media?parent=26"}],"curies":[{"name":"wp","href":"https:\/\/api.w.org\/{rel}","templated":true}]}}