{"id":1858,"date":"2022-03-31T11:45:18","date_gmt":"2022-03-31T09:45:18","guid":{"rendered":"https:\/\/www.aviagroup-industries.com\/aerostructures\/?page_id=1858"},"modified":"2022-06-30T10:35:48","modified_gmt":"2022-06-30T08:35:48","slug":"equipements","status":"publish","type":"page","link":"https:\/\/www.aviagroup-industries.com\/aerostructures\/equipements\/","title":{"rendered":"\u00c9quipements"},"content":{"rendered":"<p><div class=\"fusion-fullwidth fullwidth-box fusion-builder-row-1 hundred-percent-fullwidth non-hundred-percent-height-scrolling\" style=\"--awb-border-radius-top-left:0px;--awb-border-radius-top-right:0px;--awb-border-radius-bottom-right:0px;--awb-border-radius-bottom-left:0px;--awb-padding-left:0px;--awb-flex-wrap:wrap;\" ><div class=\"fusion-builder-row fusion-row\"><div class=\"fusion-layout-column fusion_builder_column fusion-builder-column-0 fusion_builder_column_1_2 1_2 fusion-one-half fusion-column-first\" style=\"--awb-bg-size:cover;width:50%;width:calc(50% - ( ( 4% ) * 0.5 ) );margin-right: 4%;\"><div class=\"fusion-column-wrapper fusion-column-has-shadow fusion-flex-column-wrapper-legacy\"><div class=\"fusion-slider-sc fusion-flexslider-loading flexslider flexslider-hover-type-none right\" data-slideshow_autoplay=\"1\" data-slideshow_smooth_height=\"0\" data-slideshow_speed=\"7000\" style=\"max-width:600px;height:100%;\"><ul class=\"slides\"><li class=\"image\"><span class=\"fusion-image-hover-element hover-type-none\"><img decoding=\"async\" src=\"https:\/\/www.aviagroup-industries.com\/aerostructures\/wp-content\/uploads\/sites\/3\/2022\/06\/recadrage-photos-web-produits.jpg\" width=\"616\" height=\"485\" class=\"wp-image-2135\" srcset=\"https:\/\/www.aviagroup-industries.com\/aerostructures\/wp-content\/uploads\/sites\/3\/2022\/06\/recadrage-photos-web-produits-200x157.jpg 200w, https:\/\/www.aviagroup-industries.com\/aerostructures\/wp-content\/uploads\/sites\/3\/2022\/06\/recadrage-photos-web-produits-400x315.jpg 400w, https:\/\/www.aviagroup-industries.com\/aerostructures\/wp-content\/uploads\/sites\/3\/2022\/06\/recadrage-photos-web-produits-600x472.jpg 600w, https:\/\/www.aviagroup-industries.com\/aerostructures\/wp-content\/uploads\/sites\/3\/2022\/06\/recadrage-photos-web-produits.jpg 616w\" sizes=\"(max-width: 800px) 100vw, 600px\" \/><\/span><\/li><li class=\"image\"><span class=\"fusion-image-hover-element hover-type-none\"><img decoding=\"async\" src=\"https:\/\/www.aviagroup-industries.com\/aerostructures\/wp-content\/uploads\/sites\/3\/2022\/06\/recadrage-photos-web-produits-2.jpg\" width=\"616\" height=\"485\" class=\"wp-image-2133\" srcset=\"https:\/\/www.aviagroup-industries.com\/aerostructures\/wp-content\/uploads\/sites\/3\/2022\/06\/recadrage-photos-web-produits-2-200x157.jpg 200w, https:\/\/www.aviagroup-industries.com\/aerostructures\/wp-content\/uploads\/sites\/3\/2022\/06\/recadrage-photos-web-produits-2-400x315.jpg 400w, https:\/\/www.aviagroup-industries.com\/aerostructures\/wp-content\/uploads\/sites\/3\/2022\/06\/recadrage-photos-web-produits-2-600x472.jpg 600w, https:\/\/www.aviagroup-industries.com\/aerostructures\/wp-content\/uploads\/sites\/3\/2022\/06\/recadrage-photos-web-produits-2.jpg 616w\" sizes=\"(max-width: 800px) 100vw, 600px\" \/><\/span><\/li><li class=\"image\"><span class=\"fusion-image-hover-element hover-type-none\"><img decoding=\"async\" src=\"https:\/\/www.aviagroup-industries.com\/aerostructures\/wp-content\/uploads\/sites\/3\/2022\/03\/Structure.jpg\" width=\"776\" height=\"547\" class=\"wp-image-1866\" srcset=\"https:\/\/www.aviagroup-industries.com\/aerostructures\/wp-content\/uploads\/sites\/3\/2022\/03\/Structure-200x141.jpg 200w, https:\/\/www.aviagroup-industries.com\/aerostructures\/wp-content\/uploads\/sites\/3\/2022\/03\/Structure-400x282.jpg 400w, https:\/\/www.aviagroup-industries.com\/aerostructures\/wp-content\/uploads\/sites\/3\/2022\/03\/Structure-600x423.jpg 600w, https:\/\/www.aviagroup-industries.com\/aerostructures\/wp-content\/uploads\/sites\/3\/2022\/03\/Structure.jpg 776w\" sizes=\"(max-width: 800px) 100vw, 600px\" \/><\/span><\/li><\/ul><\/div><div class=\"fusion-clearfix\"><\/div><\/div><\/div><div class=\"fusion-layout-column fusion_builder_column fusion-builder-column-1 fusion_builder_column_1_2 1_2 fusion-one-half fusion-column-last text-bloc-right\" style=\"--awb-bg-size:cover;width:50%;width:calc(50% - ( ( 4% ) * 0.5 ) );\"><div class=\"fusion-column-wrapper fusion-column-has-shadow fusion-flex-column-wrapper-legacy\"><div class=\"fusion-title title fusion-title-1 fusion-sep-none fusion-title-text fusion-title-size-two\" style=\"--awb-margin-top:0px;--awb-margin-bottom:0px;--awb-margin-top-small:0px;--awb-margin-right-small:0px;--awb-margin-bottom-small:0px;--awb-margin-left-small:0px;--awb-sep-color:#ffffff;\"><h2 class=\"fusion-title-heading title-heading-left\" style=\"margin:0;\"><p><span style=\"color: #2f2f2f;\">\u00c9QUIPEMENTS,<br \/>\n<\/span><strong>PI\u00c8CES ET SYST\u00c8MES<\/strong><\/p><\/h2><\/div><div class=\"fusion-sep-clear\"><\/div><div class=\"fusion-separator fusion-clearfix\" style=\"float:left;margin-top:20px;margin-bottom:20px;width:100%;max-width:80px;\"><div class=\"fusion-separator-border sep-single sep-solid\" style=\"--awb-height:20px;--awb-amount:20px;border-color:#313265;border-top-width:2px;\"><\/div><\/div><div class=\"fusion-sep-clear\"><\/div><div class=\"fusion-text fusion-text-1\" style=\"--awb-text-transform:none;\"><p><strong>Aviagroup Industries accompagne ses clients syst\u00e9miers et \u00e9quipementiers pour leurs besoins en pi\u00e8ces et assemblages m\u00e9talliques\u00a0:<\/strong><\/p>\n<ul>\n<li>Syst\u00e8mes \u00e9lectroniques\u00a0: Boitiers<\/li>\n<li>Syst\u00e8mes d\u2019air\u00a0: aube ventilateur, boitiers, corps de vannes, corps de pompe\u00a0; s\u00e9parateurs d\u2019eau etc\u2026<\/li>\n<li>Syst\u00e8mes de commandes de vol\u00a0: Poign\u00e9es, Volants, Palonnier<\/li>\n<li>Missiliers\u00a0: Pi\u00e8ces de structures<\/li>\n<li>D\u00e9fense\u00a0: Pi\u00e8ces de Jumelles, viseurs, capteurs, connecteurs\u2026<\/li>\n<\/ul>\n<p>Le large \u00e9ventail de comp\u00e9tences et de solutions techniques mise en \u0153uvre par Aviagroup Industries permet d\u2019accompagner nos client d\u00e8s la phase de conception des produits pour d\u00e9finir la meilleure solution technique et \u00e9conomique pour leur application.<\/p>\n<p>Aviagroup Industries propose des solutions dans de nombreux m\u00e9taux et alliages d\u2019aluminium, d\u2019acier, de titane, d\u2019inconel. Pour certaines composants ou pi\u00e8ces primaires. Aviagroup Industries poss\u00e8de un r\u00e9seau de partenaires permettant de proposer le plus souvent des solutions compl\u00e8tes adapt\u00e9es en fonction de leurs besoins.<\/p>\n<\/div><div class=\"fusion-clearfix\"><\/div><\/div><\/div><\/div><\/div><div class=\"fusion-fullwidth fullwidth-box fusion-builder-row-2 nonhundred-percent-fullwidth non-hundred-percent-height-scrolling\" style=\"--awb-border-radius-top-left:0px;--awb-border-radius-top-right:0px;--awb-border-radius-bottom-right:0px;--awb-border-radius-bottom-left:0px;--awb-padding-bottom:20px;--awb-margin-top:80px;--awb-flex-wrap:wrap;\" ><div class=\"fusion-builder-row fusion-row\"><div class=\"fusion-layout-column fusion_builder_column fusion-builder-column-2 fusion_builder_column_1_1 1_1 fusion-one-full fusion-column-first fusion-column-last\" style=\"--awb-bg-size:cover;\"><div class=\"fusion-column-wrapper fusion-column-has-shadow fusion-flex-column-wrapper-legacy\"><div class=\"fusion-text fusion-text-2 accent\" style=\"--awb-text-transform:none;\"><p style=\"text-align: center;\">AUJOURD\u2019HUI, GRACE AUX CAPACIT\u00c9S D\u2019ASSEMBLAGE MISES EN PLACE SUR SES SITES FRANCE ET AU MAROC, AVIAGROUP INDUSTRIES EST RICHE EN COMP\u00c9TENCES POUR OFFRIR \u00c0 SES CLIENTS DES INDUSTRIALISATIONS PETITES, MOYENNES ET GRANDES S\u00c9RIES.<\/p>\n<\/div><div class=\"fusion-sep-clear\"><\/div><div class=\"fusion-separator\" style=\"margin-left: auto;margin-right: auto;margin-top:20px;margin-bottom:0px;width:100%;max-width:80px;\"><div class=\"fusion-separator-border sep-single sep-solid\" style=\"--awb-height:20px;--awb-amount:20px;border-color:#313265;border-top-width:2px;\"><\/div><\/div><div class=\"fusion-sep-clear\"><\/div><div class=\"fusion-clearfix\"><\/div><\/div><\/div><\/div><\/div><\/p>\n","protected":false},"excerpt":{"rendered":"","protected":false},"author":1,"featured_media":0,"parent":0,"menu_order":0,"comment_status":"closed","ping_status":"closed","template":"100-width.php","meta":{"footnotes":""},"class_list":["post-1858","page","type-page","status-publish","hentry"],"yoast_head":"<!-- This site is optimized with the Yoast SEO plugin v27.4 - https:\/\/yoast.com\/product\/yoast-seo-wordpress\/ -->\n<title>\u00c9quipements - A\u00e9rostructures<\/title>\n<meta name=\"robots\" content=\"index, follow, max-snippet:-1, max-image-preview:large, max-video-preview:-1\" \/>\n<link rel=\"canonical\" href=\"https:\/\/www.aviagroup-industries.com\/aerostructures\/equipements\/\" \/>\n<meta property=\"og:locale\" content=\"fr_FR\" \/>\n<meta property=\"og:type\" content=\"article\" \/>\n<meta property=\"og:title\" content=\"\u00c9quipements - A\u00e9rostructures\" \/>\n<meta property=\"og:url\" content=\"https:\/\/www.aviagroup-industries.com\/aerostructures\/equipements\/\" \/>\n<meta property=\"og:site_name\" content=\"A\u00e9rostructures\" \/>\n<meta property=\"article:modified_time\" content=\"2022-06-30T08:35:48+00:00\" \/>\n<meta name=\"twitter:card\" content=\"summary_large_image\" \/>\n<meta name=\"twitter:label1\" content=\"Dur\u00e9e de lecture estim\u00e9e\" \/>\n\t<meta name=\"twitter:data1\" content=\"4 minutes\" \/>\n<script type=\"application\/ld+json\" class=\"yoast-schema-graph\">{\"@context\":\"https:\\\/\\\/schema.org\",\"@graph\":[{\"@type\":\"WebPage\",\"@id\":\"https:\\\/\\\/www.aviagroup-industries.com\\\/aerostructures\\\/equipements\\\/\",\"url\":\"https:\\\/\\\/www.aviagroup-industries.com\\\/aerostructures\\\/equipements\\\/\",\"name\":\"\u00c9quipements - A\u00e9rostructures\",\"isPartOf\":{\"@id\":\"https:\\\/\\\/www.aviagroup-industries.com\\\/aerostructures\\\/en\\\/#website\"},\"datePublished\":\"2022-03-31T09:45:18+00:00\",\"dateModified\":\"2022-06-30T08:35:48+00:00\",\"breadcrumb\":{\"@id\":\"https:\\\/\\\/www.aviagroup-industries.com\\\/aerostructures\\\/equipements\\\/#breadcrumb\"},\"inLanguage\":\"fr-FR\",\"potentialAction\":[{\"@type\":\"ReadAction\",\"target\":[\"https:\\\/\\\/www.aviagroup-industries.com\\\/aerostructures\\\/equipements\\\/\"]}]},{\"@type\":\"BreadcrumbList\",\"@id\":\"https:\\\/\\\/www.aviagroup-industries.com\\\/aerostructures\\\/equipements\\\/#breadcrumb\",\"itemListElement\":[{\"@type\":\"ListItem\",\"position\":1,\"name\":\"Accueil\",\"item\":\"https:\\\/\\\/www.aviagroup-industries.com\\\/aerostructures\\\/\"},{\"@type\":\"ListItem\",\"position\":2,\"name\":\"\u00c9quipements\"}]},{\"@type\":\"WebSite\",\"@id\":\"https:\\\/\\\/www.aviagroup-industries.com\\\/aerostructures\\\/en\\\/#website\",\"url\":\"https:\\\/\\\/www.aviagroup-industries.com\\\/aerostructures\\\/en\\\/\",\"name\":\"A\u00e9rostructures\",\"description\":\"Un site utilisant Les sites de Aviagroup Industries\",\"potentialAction\":[{\"@type\":\"SearchAction\",\"target\":{\"@type\":\"EntryPoint\",\"urlTemplate\":\"https:\\\/\\\/www.aviagroup-industries.com\\\/aerostructures\\\/en\\\/?s={search_term_string}\"},\"query-input\":{\"@type\":\"PropertyValueSpecification\",\"valueRequired\":true,\"valueName\":\"search_term_string\"}}],\"inLanguage\":\"fr-FR\"}]}<\/script>\n<!-- \/ Yoast SEO plugin. -->","yoast_head_json":{"title":"\u00c9quipements - A\u00e9rostructures","robots":{"index":"index","follow":"follow","max-snippet":"max-snippet:-1","max-image-preview":"max-image-preview:large","max-video-preview":"max-video-preview:-1"},"canonical":"https:\/\/www.aviagroup-industries.com\/aerostructures\/equipements\/","og_locale":"fr_FR","og_type":"article","og_title":"\u00c9quipements - A\u00e9rostructures","og_url":"https:\/\/www.aviagroup-industries.com\/aerostructures\/equipements\/","og_site_name":"A\u00e9rostructures","article_modified_time":"2022-06-30T08:35:48+00:00","twitter_card":"summary_large_image","twitter_misc":{"Dur\u00e9e de lecture estim\u00e9e":"4 minutes"},"schema":{"@context":"https:\/\/schema.org","@graph":[{"@type":"WebPage","@id":"https:\/\/www.aviagroup-industries.com\/aerostructures\/equipements\/","url":"https:\/\/www.aviagroup-industries.com\/aerostructures\/equipements\/","name":"\u00c9quipements - A\u00e9rostructures","isPartOf":{"@id":"https:\/\/www.aviagroup-industries.com\/aerostructures\/en\/#website"},"datePublished":"2022-03-31T09:45:18+00:00","dateModified":"2022-06-30T08:35:48+00:00","breadcrumb":{"@id":"https:\/\/www.aviagroup-industries.com\/aerostructures\/equipements\/#breadcrumb"},"inLanguage":"fr-FR","potentialAction":[{"@type":"ReadAction","target":["https:\/\/www.aviagroup-industries.com\/aerostructures\/equipements\/"]}]},{"@type":"BreadcrumbList","@id":"https:\/\/www.aviagroup-industries.com\/aerostructures\/equipements\/#breadcrumb","itemListElement":[{"@type":"ListItem","position":1,"name":"Accueil","item":"https:\/\/www.aviagroup-industries.com\/aerostructures\/"},{"@type":"ListItem","position":2,"name":"\u00c9quipements"}]},{"@type":"WebSite","@id":"https:\/\/www.aviagroup-industries.com\/aerostructures\/en\/#website","url":"https:\/\/www.aviagroup-industries.com\/aerostructures\/en\/","name":"A\u00e9rostructures","description":"Un site utilisant Les sites de Aviagroup Industries","potentialAction":[{"@type":"SearchAction","target":{"@type":"EntryPoint","urlTemplate":"https:\/\/www.aviagroup-industries.com\/aerostructures\/en\/?s={search_term_string}"},"query-input":{"@type":"PropertyValueSpecification","valueRequired":true,"valueName":"search_term_string"}}],"inLanguage":"fr-FR"}]}},"_links":{"self":[{"href":"https:\/\/www.aviagroup-industries.com\/aerostructures\/wp-json\/wp\/v2\/pages\/1858","targetHints":{"allow":["GET"]}}],"collection":[{"href":"https:\/\/www.aviagroup-industries.com\/aerostructures\/wp-json\/wp\/v2\/pages"}],"about":[{"href":"https:\/\/www.aviagroup-industries.com\/aerostructures\/wp-json\/wp\/v2\/types\/page"}],"author":[{"embeddable":true,"href":"https:\/\/www.aviagroup-industries.com\/aerostructures\/wp-json\/wp\/v2\/users\/1"}],"replies":[{"embeddable":true,"href":"https:\/\/www.aviagroup-industries.com\/aerostructures\/wp-json\/wp\/v2\/comments?post=1858"}],"version-history":[{"count":7,"href":"https:\/\/www.aviagroup-industries.com\/aerostructures\/wp-json\/wp\/v2\/pages\/1858\/revisions"}],"predecessor-version":[{"id":2138,"href":"https:\/\/www.aviagroup-industries.com\/aerostructures\/wp-json\/wp\/v2\/pages\/1858\/revisions\/2138"}],"wp:attachment":[{"href":"https:\/\/www.aviagroup-industries.com\/aerostructures\/wp-json\/wp\/v2\/media?parent=1858"}],"curies":[{"name":"wp","href":"https:\/\/api.w.org\/{rel}","templated":true}]}}