{"id":18,"date":"2020-05-22T11:29:25","date_gmt":"2020-05-22T09:29:25","guid":{"rendered":"http:\/\/dev.aviagroup-industries.com\/secan\/?page_id=18"},"modified":"2020-05-22T11:29:25","modified_gmt":"2020-05-22T09:29:25","slug":"mro","status":"publish","type":"page","link":"https:\/\/www.aviagroup-industries.com\/aerostructures\/mro\/","title":{"rendered":"MRO"},"content":{"rendered":"<p><div class=\"fusion-fullwidth fullwidth-box fusion-builder-row-1 hundred-percent-fullwidth non-hundred-percent-height-scrolling\" style=\"--awb-border-radius-top-left:0px;--awb-border-radius-top-right:0px;--awb-border-radius-bottom-right:0px;--awb-border-radius-bottom-left:0px;--awb-padding-left:0px;--awb-flex-wrap:wrap;\" ><div class=\"fusion-builder-row fusion-row\"><div class=\"fusion-layout-column fusion_builder_column fusion-builder-column-0 fusion_builder_column_1_2 1_2 fusion-one-half fusion-column-first\" style=\"--awb-bg-size:cover;width:50%;width:calc(50% - ( ( 4% ) * 0.5 ) );margin-right: 4%;\"><div class=\"fusion-column-wrapper fusion-column-has-shadow fusion-flex-column-wrapper-legacy\"><div class=\"fusion-image-element in-legacy-container\" style=\"--awb-caption-title-font-family:var(--h2_typography-font-family);--awb-caption-title-font-weight:var(--h2_typography-font-weight);--awb-caption-title-font-style:var(--h2_typography-font-style);--awb-caption-title-size:var(--h2_typography-font-size);--awb-caption-title-transform:var(--h2_typography-text-transform);--awb-caption-title-line-height:var(--h2_typography-line-height);--awb-caption-title-letter-spacing:var(--h2_typography-letter-spacing);\"><span class=\" fusion-imageframe imageframe-none imageframe-1 hover-type-none cut-right\"><img decoding=\"async\" src=\"https:\/\/www.aviagroup-industries.com\/secan\/wp-content\/uploads\/sites\/2\/2020\/07\/secan-mro-1-france.jpg\" alt class=\"img-responsive\"\/><\/span><\/div><div class=\"fusion-clearfix\"><\/div><\/div><\/div><div class=\"fusion-layout-column fusion_builder_column fusion-builder-column-1 fusion_builder_column_1_2 1_2 fusion-one-half fusion-column-last\" style=\"--awb-bg-size:cover;width:50%;width:calc(50% - ( ( 4% ) * 0.5 ) );\"><div class=\"fusion-column-wrapper fusion-column-has-shadow fusion-flex-column-wrapper-legacy\"><div class=\"fusion-title title fusion-title-1 fusion-sep-none fusion-title-text fusion-title-size-two\" style=\"--awb-margin-top:0px;--awb-margin-bottom:0px;--awb-margin-top-small:0px;--awb-margin-bottom-small:0px;--awb-sep-color:#ffffff;\"><h2 class=\"fusion-title-heading title-heading-left\" style=\"margin:0;\"><p><span style=\"color: #4a4a4a\">UNE MRO GLOBALE<\/span><br \/>\n<strong>AU SERVICE DES CLIENTS<\/strong><\/p><\/h2><\/div><div class=\"fusion-sep-clear\"><\/div><div class=\"fusion-separator fusion-clearfix\" style=\"float:left;margin-top:20px;margin-bottom:20px;width:100%;max-width:80px;\"><div class=\"fusion-separator-border sep-single sep-solid\" style=\"--awb-height:20px;--awb-amount:20px;border-color:#313265;border-top-width:2px;\"><\/div><\/div><div class=\"fusion-sep-clear\"><\/div><div class=\"fusion-text fusion-text-1\"><p><strong>Leader historique des solutions de gestion thermique sur mesure, Secan met \u00e0 la disposition de ses clients une \u00e9quipe d\u2019experts d\u00e9di\u00e9e \u00e0 la maintenance, la r\u00e9paration et la rechange de tous types de pi\u00e8ces d\u2019\u00e9changeurs thermiques et syst\u00e8mes, tant pour les appareils (avions, h\u00e9licopt\u00e8res, syst\u00e8mes terrestres) en cours de production que pour ceux dont la fabrication a cess\u00e9.<\/strong> Afin de garantir la satisfaction de ses clients au niveau mondial, Secan offre un service de r\u00e9paration directement sur les sites de ses clients pour diagnostiquer, r\u00e9parer et am\u00e9liorer ses produits. La soci\u00e9t\u00e9 est \u00e9galement \u00e0 m\u00eame de proposer un service de r\u00e9paration sur son site de Gennevilliers. Pour le civil, Secan dispose des certifications EASA Part 145, FAA, et TCAC pour les produits VCS et les \u00e9changeurs de chaleur. Pour l\u2019activit\u00e9 militaire, Secan est actuellement certifi\u00e9 FRA 145 et EMAR 145.<\/p>\n<\/div><div class=\"fusion-clearfix\"><\/div><\/div><\/div><\/div><\/div><div class=\"fusion-fullwidth fullwidth-box fusion-builder-row-2 hundred-percent-fullwidth non-hundred-percent-height-scrolling\" style=\"--awb-border-radius-top-left:0px;--awb-border-radius-top-right:0px;--awb-border-radius-bottom-right:0px;--awb-border-radius-bottom-left:0px;--awb-padding-right:0px;--awb-flex-wrap:wrap;\" ><div class=\"fusion-builder-row fusion-row\"><div class=\"fusion-layout-column fusion_builder_column fusion-builder-column-2 fusion_builder_column_1_2 1_2 fusion-one-half fusion-column-first col-3\" style=\"--awb-bg-size:cover;width:50%;width:calc(50% - ( ( 4% ) * 0.5 ) );margin-right: 4%;\"><div class=\"fusion-column-wrapper fusion-column-has-shadow fusion-flex-column-wrapper-legacy\"><div class=\"fusion-title title fusion-title-2 fusion-sep-none fusion-title-text fusion-title-size-two\" style=\"--awb-margin-top:0px;--awb-margin-bottom:0px;--awb-margin-top-small:0px;--awb-margin-bottom-small:0px;--awb-sep-color:#ffffff;\"><h2 class=\"fusion-title-heading title-heading-left\" style=\"margin:0;\"><p><span style=\"color: #4a4a4a\">UNE EXP\u00c9RIENCE<\/span><br \/>\n<strong>RECONNUE<\/strong><\/p><\/h2><\/div><div class=\"fusion-sep-clear\"><\/div><div class=\"fusion-separator fusion-clearfix\" style=\"float:left;margin-top:20px;margin-bottom:20px;width:100%;max-width:80px;\"><div class=\"fusion-separator-border sep-single sep-solid\" style=\"--awb-height:20px;--awb-amount:20px;border-color:#313265;border-top-width:2px;\"><\/div><\/div><div class=\"fusion-sep-clear\"><\/div><div class=\"fusion-text fusion-text-2\"><p><strong>Avec plus de 50 ans d\u2019exp\u00e9rience dans la conception et la production de solutions de gestion thermique sur mesure, Secan est en mesure de fournir \u00e0 ses clients un support total sur une multitude d\u2019\u00e9quipements civils et militaires tels que :<\/strong><\/p>\n<p><strong>\u00c9changeurs thermiques :<\/strong><\/p>\n<ul>\n<li>Avions commerciaux.<\/li>\n<li>Avions militaires.<\/li>\n<li>Avions d\u2019affaires et aviation g\u00e9n\u00e9rale.<\/li>\n<li>H\u00e9licopt\u00e8res civils et militaires.<\/li>\n<li>Bo\u00eetes de vitesses et moteurs d\u2019avions.<\/li>\n<li>Bo\u00eetes de vitesses et moteurs de v\u00e9hicules militaires terrestres.<\/li>\n<\/ul>\n<p><strong>Syst\u00e8me de cycle vapeur :<\/strong><\/p>\n<ul>\n<li>Avions militaires.<\/li>\n<li>Avions d\u2019affaires et aviation g\u00e9n\u00e9rale.<\/li>\n<li>H\u00e9licopt\u00e8res civils et militaires.<\/li>\n<li>V\u00e9hicules militaires terrestres.<\/li>\n<li>Radars militaires.<\/li>\n<\/ul>\n<p>Gr\u00e2ce \u00e0 sa strat\u00e9gie d\u2019int\u00e9gration verticale, Secan effectue toutes les activit\u00e9s de premi\u00e8re monte et de MRO en interne. Aussi, Secan b\u00e9n\u00e9ficie d\u2019une exp\u00e9rience significative en MRO sur les appareils civils tels que les Airbus A320\/A330\/A340, les avions d\u2019affaires Falcon, les PC21, les TBM700, les H215, les H225, les H155 et ainsi que sur les appareils militaires tels que les Rafale, les Mirage2000, les PC21, les M345\/346, les H215, les H725, et les Alouette.<\/p>\n<\/div><div class=\"fusion-clearfix\"><\/div><\/div><\/div><div class=\"fusion-layout-column fusion_builder_column fusion-builder-column-3 fusion_builder_column_1_2 1_2 fusion-one-half fusion-column-last fusion-no-small-visibility col-4\" style=\"--awb-bg-size:cover;width:50%;width:calc(50% - ( ( 4% ) * 0.5 ) );\"><div class=\"fusion-column-wrapper fusion-column-has-shadow fusion-flex-column-wrapper-legacy\"><div class=\"fusion-image-element fusion-image-align-right in-legacy-container\" style=\"text-align:right;--awb-caption-title-font-family:var(--h2_typography-font-family);--awb-caption-title-font-weight:var(--h2_typography-font-weight);--awb-caption-title-font-style:var(--h2_typography-font-style);--awb-caption-title-size:var(--h2_typography-font-size);--awb-caption-title-transform:var(--h2_typography-text-transform);--awb-caption-title-line-height:var(--h2_typography-line-height);--awb-caption-title-letter-spacing:var(--h2_typography-letter-spacing);\"><span class=\" fusion-imageframe imageframe-none imageframe-2 hover-type-none cut-left\" style=\"margin-left:25px;float:right;\"><img decoding=\"async\" src=\"https:\/\/www.aviagroup-industries.com\/secan\/wp-content\/uploads\/sites\/2\/2020\/07\/secan-mro-2-france.jpg\" alt class=\"img-responsive\"\/><\/span><\/div><div class=\"fusion-clearfix\"><\/div><\/div><\/div><\/div><\/div><div class=\"fusion-fullwidth fullwidth-box fusion-builder-row-3 hundred-percent-fullwidth non-hundred-percent-height-scrolling\" style=\"--awb-border-radius-top-left:0px;--awb-border-radius-top-right:0px;--awb-border-radius-bottom-right:0px;--awb-border-radius-bottom-left:0px;--awb-padding-top:10px;--awb-padding-bottom:10px;--awb-margin-bottom:42px;--awb-background-color:#f3f3f3;--awb-flex-wrap:wrap;\" ><div class=\"fusion-builder-row fusion-row\"><div class=\"fusion-layout-column fusion_builder_column fusion-builder-column-4 fusion_builder_column_1_1 1_1 fusion-one-full fusion-column-first fusion-column-last download\" style=\"--awb-bg-size:cover;\"><div class=\"fusion-column-wrapper fusion-column-has-shadow fusion-flex-column-wrapper-legacy\"><div class=\"fusion-text fusion-text-3\"><p><span style=\"color: #313265\">T\u00c9L\u00c9CHARGEMENT DE LA FICHE PRODUIT AU FORMAT PDF<\/span><\/p>\n<\/div><a class=\"fb-icon-element-1 fb-icon-element fontawesome-icon sk-icon-ag-download circle-no fusion-text-flow fusion-link\" style=\"--awb-font-size:32px;--awb-margin-right:16px;\" href=\"#\" target=\"_blank\" aria-label=\"Link to #\" rel=\"noopener noreferrer\"><\/a><div class=\"fusion-clearfix\"><\/div><\/div><\/div><\/div><\/div><\/p>\n","protected":false},"excerpt":{"rendered":"","protected":false},"author":1,"featured_media":0,"parent":0,"menu_order":0,"comment_status":"closed","ping_status":"closed","template":"100-width.php","meta":{"footnotes":""},"class_list":["post-18","page","type-page","status-publish","hentry"],"yoast_head":"<!-- This site is optimized with the Yoast SEO plugin v27.3 - https:\/\/yoast.com\/product\/yoast-seo-wordpress\/ -->\n<title>MRO - A\u00e9rostructures<\/title>\n<meta name=\"robots\" content=\"index, follow, max-snippet:-1, max-image-preview:large, max-video-preview:-1\" \/>\n<link rel=\"canonical\" href=\"https:\/\/www.aviagroup-industries.com\/aerostructures\/mro\/\" \/>\n<meta property=\"og:locale\" content=\"fr_FR\" \/>\n<meta property=\"og:type\" content=\"article\" \/>\n<meta property=\"og:title\" content=\"MRO - A\u00e9rostructures\" \/>\n<meta property=\"og:url\" content=\"https:\/\/www.aviagroup-industries.com\/aerostructures\/mro\/\" \/>\n<meta property=\"og:site_name\" content=\"A\u00e9rostructures\" \/>\n<meta name=\"twitter:card\" content=\"summary_large_image\" \/>\n<meta name=\"twitter:label1\" content=\"Dur\u00e9e de lecture estim\u00e9e\" \/>\n\t<meta name=\"twitter:data1\" content=\"12 minutes\" \/>\n<script type=\"application\/ld+json\" class=\"yoast-schema-graph\">{\"@context\":\"https:\\\/\\\/schema.org\",\"@graph\":[{\"@type\":\"WebPage\",\"@id\":\"https:\\\/\\\/www.aviagroup-industries.com\\\/aerostructures\\\/mro\\\/\",\"url\":\"https:\\\/\\\/www.aviagroup-industries.com\\\/aerostructures\\\/mro\\\/\",\"name\":\"MRO - A\u00e9rostructures\",\"isPartOf\":{\"@id\":\"https:\\\/\\\/www.aviagroup-industries.com\\\/aerostructures\\\/en\\\/#website\"},\"datePublished\":\"2020-05-22T09:29:25+00:00\",\"breadcrumb\":{\"@id\":\"https:\\\/\\\/www.aviagroup-industries.com\\\/aerostructures\\\/mro\\\/#breadcrumb\"},\"inLanguage\":\"fr-FR\",\"potentialAction\":[{\"@type\":\"ReadAction\",\"target\":[\"https:\\\/\\\/www.aviagroup-industries.com\\\/aerostructures\\\/mro\\\/\"]}]},{\"@type\":\"BreadcrumbList\",\"@id\":\"https:\\\/\\\/www.aviagroup-industries.com\\\/aerostructures\\\/mro\\\/#breadcrumb\",\"itemListElement\":[{\"@type\":\"ListItem\",\"position\":1,\"name\":\"Accueil\",\"item\":\"https:\\\/\\\/www.aviagroup-industries.com\\\/aerostructures\\\/\"},{\"@type\":\"ListItem\",\"position\":2,\"name\":\"MRO\"}]},{\"@type\":\"WebSite\",\"@id\":\"https:\\\/\\\/www.aviagroup-industries.com\\\/aerostructures\\\/en\\\/#website\",\"url\":\"https:\\\/\\\/www.aviagroup-industries.com\\\/aerostructures\\\/en\\\/\",\"name\":\"A\u00e9rostructures\",\"description\":\"Un site utilisant Les sites de Aviagroup Industries\",\"potentialAction\":[{\"@type\":\"SearchAction\",\"target\":{\"@type\":\"EntryPoint\",\"urlTemplate\":\"https:\\\/\\\/www.aviagroup-industries.com\\\/aerostructures\\\/en\\\/?s={search_term_string}\"},\"query-input\":{\"@type\":\"PropertyValueSpecification\",\"valueRequired\":true,\"valueName\":\"search_term_string\"}}],\"inLanguage\":\"fr-FR\"}]}<\/script>\n<!-- \/ Yoast SEO plugin. -->","yoast_head_json":{"title":"MRO - A\u00e9rostructures","robots":{"index":"index","follow":"follow","max-snippet":"max-snippet:-1","max-image-preview":"max-image-preview:large","max-video-preview":"max-video-preview:-1"},"canonical":"https:\/\/www.aviagroup-industries.com\/aerostructures\/mro\/","og_locale":"fr_FR","og_type":"article","og_title":"MRO - A\u00e9rostructures","og_url":"https:\/\/www.aviagroup-industries.com\/aerostructures\/mro\/","og_site_name":"A\u00e9rostructures","twitter_card":"summary_large_image","twitter_misc":{"Dur\u00e9e de lecture estim\u00e9e":"12 minutes"},"schema":{"@context":"https:\/\/schema.org","@graph":[{"@type":"WebPage","@id":"https:\/\/www.aviagroup-industries.com\/aerostructures\/mro\/","url":"https:\/\/www.aviagroup-industries.com\/aerostructures\/mro\/","name":"MRO - A\u00e9rostructures","isPartOf":{"@id":"https:\/\/www.aviagroup-industries.com\/aerostructures\/en\/#website"},"datePublished":"2020-05-22T09:29:25+00:00","breadcrumb":{"@id":"https:\/\/www.aviagroup-industries.com\/aerostructures\/mro\/#breadcrumb"},"inLanguage":"fr-FR","potentialAction":[{"@type":"ReadAction","target":["https:\/\/www.aviagroup-industries.com\/aerostructures\/mro\/"]}]},{"@type":"BreadcrumbList","@id":"https:\/\/www.aviagroup-industries.com\/aerostructures\/mro\/#breadcrumb","itemListElement":[{"@type":"ListItem","position":1,"name":"Accueil","item":"https:\/\/www.aviagroup-industries.com\/aerostructures\/"},{"@type":"ListItem","position":2,"name":"MRO"}]},{"@type":"WebSite","@id":"https:\/\/www.aviagroup-industries.com\/aerostructures\/en\/#website","url":"https:\/\/www.aviagroup-industries.com\/aerostructures\/en\/","name":"A\u00e9rostructures","description":"Un site utilisant Les sites de Aviagroup Industries","potentialAction":[{"@type":"SearchAction","target":{"@type":"EntryPoint","urlTemplate":"https:\/\/www.aviagroup-industries.com\/aerostructures\/en\/?s={search_term_string}"},"query-input":{"@type":"PropertyValueSpecification","valueRequired":true,"valueName":"search_term_string"}}],"inLanguage":"fr-FR"}]}},"_links":{"self":[{"href":"https:\/\/www.aviagroup-industries.com\/aerostructures\/wp-json\/wp\/v2\/pages\/18","targetHints":{"allow":["GET"]}}],"collection":[{"href":"https:\/\/www.aviagroup-industries.com\/aerostructures\/wp-json\/wp\/v2\/pages"}],"about":[{"href":"https:\/\/www.aviagroup-industries.com\/aerostructures\/wp-json\/wp\/v2\/types\/page"}],"author":[{"embeddable":true,"href":"https:\/\/www.aviagroup-industries.com\/aerostructures\/wp-json\/wp\/v2\/users\/1"}],"replies":[{"embeddable":true,"href":"https:\/\/www.aviagroup-industries.com\/aerostructures\/wp-json\/wp\/v2\/comments?post=18"}],"version-history":[{"count":0,"href":"https:\/\/www.aviagroup-industries.com\/aerostructures\/wp-json\/wp\/v2\/pages\/18\/revisions"}],"wp:attachment":[{"href":"https:\/\/www.aviagroup-industries.com\/aerostructures\/wp-json\/wp\/v2\/media?parent=18"}],"curies":[{"name":"wp","href":"https:\/\/api.w.org\/{rel}","templated":true}]}}